{"id":266,"date":"2023-04-26T17:44:59","date_gmt":"2023-04-26T17:44:59","guid":{"rendered":"https:\/\/casaalessandramx.com\/?post_type=product&#038;p=266"},"modified":"2023-04-26T17:45:51","modified_gmt":"2023-04-26T17:45:51","slug":"edredon-jumbo-matrimonial-argos","status":"publish","type":"product","link":"https:\/\/casaalessandramx.com\/?product=edredon-jumbo-matrimonial-argos","title":{"rendered":"Edred\u00f3n Jumbo Matrimonial Argos"},"content":{"rendered":"<p><strong>Dise\u00f1os \u00fanicos, suavidad\u00a0<\/strong><b>incomparable<\/b><\/p>\n<p>Descubre en la l\u00ednea Jumbo Matrimonial colores \u00fanicos y vibrantes. D\u00e9jate consentir por la suavidad del reverso ovejita el cu\u00e1l te dar\u00e1 un descanso c\u00e1lido y relajante para iniciar tu d\u00eda.<\/p>\n","protected":false},"excerpt":{"rendered":"<ul>\n<li>Marca: Providencia<\/li>\n<li>Env\u00edos: A toda la rep\u00fablica<\/li>\n<li>Matrimonial: 1.80 m. x 2.20 m.<\/li>\n<li>Regulador t\u00e9rmico<\/li>\n<li>Suave y c\u00f3modo<\/li>\n<li>Suave Textura<\/li>\n<li>Capitonado<\/li>\n<li>Reverso ovejita<\/li>\n<li>Edred\u00f3n tricapa<\/li>\n<li>Calidez Alta<\/li>\n<li>Producto Sustentable<\/li>\n<\/ul>\n","protected":false},"featured_media":247,"comment_status":"open","ping_status":"closed","template":"","meta":[],"product_cat":[20],"product_tag":[21,22],"_links":{"self":[{"href":"https:\/\/casaalessandramx.com\/index.php?rest_route=\/wp\/v3\/product\/266"}],"collection":[{"href":"https:\/\/casaalessandramx.com\/index.php?rest_route=\/wp\/v3\/product"}],"about":[{"href":"https:\/\/casaalessandramx.com\/index.php?rest_route=\/wp\/v2\/types\/product"}],"replies":[{"embeddable":true,"href":"https:\/\/casaalessandramx.com\/index.php?rest_route=%2Fwp%2Fv2%2Fcomments&post=266"}],"wp:featuredmedia":[{"embeddable":true,"href":"https:\/\/casaalessandramx.com\/index.php?rest_route=\/wp\/v2\/media\/247"}],"wp:attachment":[{"href":"https:\/\/casaalessandramx.com\/index.php?rest_route=%2Fwp%2Fv2%2Fmedia&parent=266"}],"wp:term":[{"taxonomy":"product_cat","embeddable":true,"href":"https:\/\/casaalessandramx.com\/index.php?rest_route=%2Fwp%2Fv2%2Fproduct_cat&post=266"},{"taxonomy":"product_tag","embeddable":true,"href":"https:\/\/casaalessandramx.com\/index.php?rest_route=%2Fwp%2Fv2%2Fproduct_tag&post=266"}],"curies":[{"name":"wp","href":"https:\/\/api.w.org\/{rel}","templated":true}]}}