{"id":432,"date":"2024-01-15T23:51:17","date_gmt":"2024-01-15T23:51:17","guid":{"rendered":"https:\/\/casaalessandramx.com\/?post_type=product&#038;p=432"},"modified":"2024-01-16T00:04:51","modified_gmt":"2024-01-16T00:04:51","slug":"sabana-one-million","status":"publish","type":"product","link":"https:\/\/casaalessandramx.com\/?product=sabana-one-million","title":{"rendered":"S\u00e1bana One Million"},"content":{"rendered":"<p><strong>Dise\u00f1os \u00fanicos, suavidad\u00a0<\/strong><b>incomparable<\/b><\/p>\n<p>Las s\u00e1banas son elementos esenciales en la ropa de cama, dise\u00f1adas para cubrir el colch\u00f3n y proporcionar comodidad durante el descanso.<\/p>\n","protected":false},"excerpt":{"rendered":"<ul>\n<li>Marca: One Million<\/li>\n<li>Env\u00edos: A toda la rep\u00fablica<\/li>\n<li>NUEVO DISE\u00d1O<\/li>\n<li>Suave y c\u00f3modo<\/li>\n<li>Suave Textura<\/li>\n<li>Calidez Alta<\/li>\n<li>Producto Sustentable<\/li>\n<\/ul>\n","protected":false},"featured_media":436,"comment_status":"open","ping_status":"closed","template":"","meta":[],"product_cat":[29],"product_tag":[34,21,22,39],"_links":{"self":[{"href":"https:\/\/casaalessandramx.com\/index.php?rest_route=\/wp\/v3\/product\/432"}],"collection":[{"href":"https:\/\/casaalessandramx.com\/index.php?rest_route=\/wp\/v3\/product"}],"about":[{"href":"https:\/\/casaalessandramx.com\/index.php?rest_route=\/wp\/v2\/types\/product"}],"replies":[{"embeddable":true,"href":"https:\/\/casaalessandramx.com\/index.php?rest_route=%2Fwp%2Fv2%2Fcomments&post=432"}],"wp:featuredmedia":[{"embeddable":true,"href":"https:\/\/casaalessandramx.com\/index.php?rest_route=\/wp\/v2\/media\/436"}],"wp:attachment":[{"href":"https:\/\/casaalessandramx.com\/index.php?rest_route=%2Fwp%2Fv2%2Fmedia&parent=432"}],"wp:term":[{"taxonomy":"product_cat","embeddable":true,"href":"https:\/\/casaalessandramx.com\/index.php?rest_route=%2Fwp%2Fv2%2Fproduct_cat&post=432"},{"taxonomy":"product_tag","embeddable":true,"href":"https:\/\/casaalessandramx.com\/index.php?rest_route=%2Fwp%2Fv2%2Fproduct_tag&post=432"}],"curies":[{"name":"wp","href":"https:\/\/api.w.org\/{rel}","templated":true}]}}