{"id":447,"date":"2024-01-16T00:32:49","date_gmt":"2024-01-16T00:32:49","guid":{"rendered":"https:\/\/casaalessandramx.com\/?post_type=product&#038;p=447"},"modified":"2025-07-31T16:44:19","modified_gmt":"2025-07-31T16:44:19","slug":"sabana-de-franela-andrea-matrimonial","status":"publish","type":"product","link":"https:\/\/casaalessandramx.com\/?product=sabana-de-franela-andrea-matrimonial","title":{"rendered":"S\u00e1bana de franela Andrea matrimonial"},"content":{"rendered":"<p><strong>Dise\u00f1os \u00fanicos, suavidad\u00a0<\/strong><b>incomparable<\/b><\/p>\n<p>&nbsp;<\/p>\n","protected":false},"excerpt":{"rendered":"<p>&nbsp;<\/p>\n<ul>\n<li>Env\u00edos: A toda la rep\u00fablica<\/li>\n<li>VARIDAD DE COLORES<\/li>\n<li>Marca: Andrea<\/li>\n<li>VARIEDAD DE DISE\u00d1OS<\/li>\n<li>Suave y c\u00f3modo<\/li>\n<li>Suave Textura<\/li>\n<li>Calidez Alta<\/li>\n<li>Producto Sustentable<\/li>\n<\/ul>\n","protected":false},"featured_media":448,"comment_status":"open","ping_status":"closed","template":"","meta":[],"product_cat":[29],"product_tag":[39],"_links":{"self":[{"href":"https:\/\/casaalessandramx.com\/index.php?rest_route=\/wp\/v3\/product\/447"}],"collection":[{"href":"https:\/\/casaalessandramx.com\/index.php?rest_route=\/wp\/v3\/product"}],"about":[{"href":"https:\/\/casaalessandramx.com\/index.php?rest_route=\/wp\/v2\/types\/product"}],"replies":[{"embeddable":true,"href":"https:\/\/casaalessandramx.com\/index.php?rest_route=%2Fwp%2Fv2%2Fcomments&post=447"}],"wp:featuredmedia":[{"embeddable":true,"href":"https:\/\/casaalessandramx.com\/index.php?rest_route=\/wp\/v2\/media\/448"}],"wp:attachment":[{"href":"https:\/\/casaalessandramx.com\/index.php?rest_route=%2Fwp%2Fv2%2Fmedia&parent=447"}],"wp:term":[{"taxonomy":"product_cat","embeddable":true,"href":"https:\/\/casaalessandramx.com\/index.php?rest_route=%2Fwp%2Fv2%2Fproduct_cat&post=447"},{"taxonomy":"product_tag","embeddable":true,"href":"https:\/\/casaalessandramx.com\/index.php?rest_route=%2Fwp%2Fv2%2Fproduct_tag&post=447"}],"curies":[{"name":"wp","href":"https:\/\/api.w.org\/{rel}","templated":true}]}}